{"id":416,"date":"2026-03-21T00:57:15","date_gmt":"2026-03-21T00:57:15","guid":{"rendered":"https:\/\/geovanebarreto.adv.br\/?page_id=416"},"modified":"2026-03-21T01:05:38","modified_gmt":"2026-03-21T01:05:38","slug":"termos-de-uso","status":"publish","type":"page","link":"https:\/\/geovanebarreto.adv.br\/?page_id=416","title":{"rendered":"Termos de Uso"},"content":{"rendered":"\t\t<div data-elementor-type=\"wp-page\" data-elementor-id=\"416\" class=\"elementor elementor-416\" data-elementor-post-type=\"page\">\n\t\t\t\t\t\t<section class=\"elementor-section elementor-top-section elementor-element elementor-element-0ef8853 elementor-section-boxed elementor-section-height-default elementor-section-height-default\" data-id=\"0ef8853\" data-element_type=\"section\" data-e-type=\"section\">\n\t\t\t\t\t\t<div class=\"elementor-container elementor-column-gap-default\">\n\t\t\t\t\t<div class=\"elementor-column elementor-col-100 elementor-top-column elementor-element elementor-element-a897858\" data-id=\"a897858\" data-element_type=\"column\" data-e-type=\"column\">\n\t\t\t<div class=\"elementor-widget-wrap elementor-element-populated\">\n\t\t\t\t\t\t<div class=\"elementor-element elementor-element-56e75aa elementor-widget elementor-widget-heading\" data-id=\"56e75aa\" data-element_type=\"widget\" data-e-type=\"widget\" data-widget_type=\"heading.default\">\n\t\t\t\t<div class=\"elementor-widget-container\">\n\t\t\t\t\t<h2 class=\"elementor-heading-title elementor-size-default\">Termos de Uso<\/h2>\t\t\t\t<\/div>\n\t\t\t\t<\/div>\n\t\t\t\t<div class=\"elementor-element elementor-element-3ab5446 elementor-widget elementor-widget-text-editor\" data-id=\"3ab5446\" data-element_type=\"widget\" data-e-type=\"widget\" data-widget_type=\"text-editor.default\">\n\t\t\t\t<div class=\"elementor-widget-container\">\n\t\t\t\t\t\t\t\t\t<p data-start=\"175\" data-end=\"215\"><strong data-start=\"175\" data-end=\"198\">\u00daltima atualiza\u00e7\u00e3o:<\/strong> 20\/03\/2026<\/p><p data-start=\"175\" data-end=\"215\">Bem-vindo ao site <strong data-start=\"235\" data-end=\"264\">Geovane Barreto Advogados<\/strong>. Ao acessar este site, voc\u00ea concorda com os presentes Termos de Uso e com a legisla\u00e7\u00e3o vigente, incluindo a <strong data-start=\"373\" data-end=\"402\">Lei n\u00ba 13.709\/2018 (LGPD)<\/strong>.<\/p><p data-start=\"405\" data-end=\"477\">Caso n\u00e3o concorde com estes termos, recomendamos que n\u00e3o utilize o site.<\/p><hr data-start=\"479\" data-end=\"482\" \/><h2 data-section-id=\"1atlrff\" data-start=\"484\" data-end=\"508\">1. Finalidade do site<\/h2><p data-start=\"510\" data-end=\"579\">O site tem car\u00e1ter <strong data-start=\"529\" data-end=\"559\">exclusivamente informativo<\/strong>, com o objetivo de:<\/p><ul data-start=\"581\" data-end=\"692\"><li data-section-id=\"hm8arn\" data-start=\"581\" data-end=\"614\">Apresentar servi\u00e7os jur\u00eddicos<\/li><li data-section-id=\"3l3lna\" data-start=\"615\" data-end=\"654\">Compartilhar conte\u00fados informativos<\/li><li data-section-id=\"1yofr17\" data-start=\"655\" data-end=\"692\">Permitir contato com o escrit\u00f3rio<\/li><\/ul><p data-start=\"694\" data-end=\"804\">\u26a0\ufe0f <strong data-start=\"697\" data-end=\"712\">Importante:<\/strong> As informa\u00e7\u00f5es disponibilizadas <strong data-start=\"745\" data-end=\"803\">n\u00e3o constituem aconselhamento jur\u00eddico individualizado<\/strong>.<\/p><hr data-start=\"806\" data-end=\"809\" \/><h2 data-section-id=\"qzyvwo\" data-start=\"811\" data-end=\"856\">2. N\u00e3o cria\u00e7\u00e3o de v\u00ednculo advogado-cliente<\/h2><p data-start=\"858\" data-end=\"927\">O uso deste site, envio de mensagens ou preenchimento de formul\u00e1rios:<\/p><ul data-start=\"929\" data-end=\"1045\"><li data-section-id=\"15hy4rm\" data-start=\"929\" data-end=\"966\">N\u00c3O cria rela\u00e7\u00e3o advogado-cliente<\/li><li data-section-id=\"okfqmw\" data-start=\"967\" data-end=\"1003\">N\u00c3O garante atendimento imediato<\/li><li data-section-id=\"lejm1p\" data-start=\"1004\" data-end=\"1045\">N\u00c3O estabelece obriga\u00e7\u00e3o profissional<\/li><\/ul><p data-start=\"1047\" data-end=\"1116\">A contrata\u00e7\u00e3o de servi\u00e7os jur\u00eddicos s\u00f3 ocorre mediante acordo formal.<\/p><hr data-start=\"1118\" data-end=\"1121\" \/><h2 data-section-id=\"k58qkk\" data-start=\"1123\" data-end=\"1142\">3. Uso permitido<\/h2><p data-start=\"1144\" data-end=\"1170\">O usu\u00e1rio compromete-se a:<\/p><ul data-start=\"1172\" data-end=\"1312\"><li data-section-id=\"5y0xhc\" data-start=\"1172\" data-end=\"1207\">Utilizar o site de forma l\u00edcita<\/li><li data-section-id=\"jl7fxs\" data-start=\"1208\" data-end=\"1261\">N\u00e3o praticar atos que prejudiquem o funcionamento<\/li><li data-section-id=\"138e79u\" data-start=\"1262\" data-end=\"1312\">N\u00e3o tentar acessar \u00e1reas restritas ou sistemas<\/li><\/ul><hr data-start=\"1314\" data-end=\"1317\" \/><h2 data-section-id=\"uxy688\" data-start=\"1319\" data-end=\"1348\">4. Propriedade intelectual<\/h2><p data-start=\"1350\" data-end=\"1437\">Todo o conte\u00fado do site (textos, imagens, logotipos) \u00e9 protegido por direitos autorais.<\/p><p data-start=\"1439\" data-end=\"1486\">\u00c9 proibida a reprodu\u00e7\u00e3o sem autoriza\u00e7\u00e3o pr\u00e9via.<\/p><hr data-start=\"1488\" data-end=\"1491\" \/><h2 data-section-id=\"1k1s5t9\" data-start=\"1493\" data-end=\"1528\">5. Limita\u00e7\u00e3o de responsabilidade<\/h2><p data-start=\"1530\" data-end=\"1569\">O escrit\u00f3rio n\u00e3o se responsabiliza por:<\/p><ul data-start=\"1571\" data-end=\"1708\"><li data-section-id=\"kwcj2\" data-start=\"1571\" data-end=\"1624\">Decis\u00f5es tomadas com base nas informa\u00e7\u00f5es do site<\/li><li data-section-id=\"1f58d81\" data-start=\"1625\" data-end=\"1676\">Eventuais indisponibilidades ou falhas t\u00e9cnicas<\/li><li data-section-id=\"ngnbf0\" data-start=\"1677\" data-end=\"1708\">Conte\u00fados de sites externos<\/li><\/ul><hr data-start=\"1710\" data-end=\"1713\" \/><h2 data-section-id=\"1xbyr72\" data-start=\"1715\" data-end=\"1741\">6. Links para terceiros<\/h2><p data-start=\"1743\" data-end=\"1856\">O site pode conter links externos. N\u00e3o temos controle sobre esses conte\u00fados e n\u00e3o nos responsabilizamos por eles.<\/p><hr data-start=\"1858\" data-end=\"1861\" \/><h2 data-section-id=\"l8pjf2\" data-start=\"1863\" data-end=\"1880\">7. Privacidade<\/h2><p data-start=\"1882\" data-end=\"1999\">O uso dos dados pessoais segue a nossa <strong data-start=\"1921\" data-end=\"1948\">Pol\u00edtica de Privacidade<\/strong>, que deve ser lida em conjunto com este documento.<\/p><hr data-start=\"2001\" data-end=\"2004\" \/><h2 data-section-id=\"16jaknm\" data-start=\"2006\" data-end=\"2033\">8. Altera\u00e7\u00f5es dos termos<\/h2><p data-start=\"2035\" data-end=\"2107\">Estes Termos podem ser atualizados a qualquer momento, sem aviso pr\u00e9vio.<\/p><hr data-start=\"2109\" data-end=\"2112\" \/><h2 data-section-id=\"112oww6\" data-start=\"2114\" data-end=\"2124\">9. Foro<\/h2><p data-start=\"2126\" data-end=\"2208\">Fica eleito o foro da comarca de [sua cidade\/UF] para dirimir quaisquer conflitos.<\/p><hr data-start=\"2210\" data-end=\"2213\" \/><h2 data-section-id=\"1napzdy\" data-start=\"2215\" data-end=\"2229\">10. Contato<\/h2><p data-start=\"2231\" data-end=\"2284\">\ud83d\udce7 E-mail: contato@geovanebarreto.adv.br<br data-start=\"2254\" data-end=\"2257\" \/>\ud83d\udcde Telefone: +55 79 99930-9117<\/p>\t\t\t\t\t\t\t\t<\/div>\n\t\t\t\t<\/div>\n\t\t\t\t\t<\/div>\n\t\t<\/div>\n\t\t\t\t\t<\/div>\n\t\t<\/section>\n\t\t\t\t<\/div>\n\t\t","protected":false},"excerpt":{"rendered":"<p>Termos de Uso \u00daltima atualiza\u00e7\u00e3o: 20\/03\/2026 Bem-vindo ao site Geovane Barreto Advogados. Ao acessar este site, voc\u00ea concorda com os presentes Termos de Uso e com a legisla\u00e7\u00e3o vigente, incluindo a Lei n\u00ba 13.709\/2018 (LGPD). Caso n\u00e3o concorde com estes termos, recomendamos que n\u00e3o utilize o site. 1. Finalidade do site O site tem car\u00e1ter [&hellip;]<\/p>\n","protected":false},"author":1,"featured_media":0,"parent":0,"menu_order":0,"comment_status":"closed","ping_status":"closed","template":"elementor_header_footer","meta":{"footnotes":""},"class_list":["post-416","page","type-page","status-publish","hentry"],"_hostinger_reach_plugin_has_subscription_block":false,"_hostinger_reach_plugin_is_elementor":false,"_links":{"self":[{"href":"https:\/\/geovanebarreto.adv.br\/index.php?rest_route=\/wp\/v2\/pages\/416","targetHints":{"allow":["GET"]}}],"collection":[{"href":"https:\/\/geovanebarreto.adv.br\/index.php?rest_route=\/wp\/v2\/pages"}],"about":[{"href":"https:\/\/geovanebarreto.adv.br\/index.php?rest_route=\/wp\/v2\/types\/page"}],"author":[{"embeddable":true,"href":"https:\/\/geovanebarreto.adv.br\/index.php?rest_route=\/wp\/v2\/users\/1"}],"replies":[{"embeddable":true,"href":"https:\/\/geovanebarreto.adv.br\/index.php?rest_route=%2Fwp%2Fv2%2Fcomments&post=416"}],"version-history":[{"count":7,"href":"https:\/\/geovanebarreto.adv.br\/index.php?rest_route=\/wp\/v2\/pages\/416\/revisions"}],"predecessor-version":[{"id":432,"href":"https:\/\/geovanebarreto.adv.br\/index.php?rest_route=\/wp\/v2\/pages\/416\/revisions\/432"}],"wp:attachment":[{"href":"https:\/\/geovanebarreto.adv.br\/index.php?rest_route=%2Fwp%2Fv2%2Fmedia&parent=416"}],"curies":[{"name":"wp","href":"https:\/\/api.w.org\/{rel}","templated":true}]}}