{"id":255,"date":"2026-03-18T17:16:18","date_gmt":"2026-03-18T17:16:18","guid":{"rendered":"https:\/\/geovanebarreto.adv.br\/?page_id=255"},"modified":"2026-03-18T18:28:32","modified_gmt":"2026-03-18T18:28:32","slug":"artigos-juridicos","status":"publish","type":"page","link":"https:\/\/geovanebarreto.adv.br\/?page_id=255","title":{"rendered":"Artigos jur\u00eddicos"},"content":{"rendered":"\t\t<div data-elementor-type=\"wp-page\" data-elementor-id=\"255\" class=\"elementor elementor-255\" data-elementor-post-type=\"page\">\n\t\t\t\t\t\t<section class=\"elementor-section elementor-top-section elementor-element elementor-element-ffcd984 elementor-section-boxed elementor-section-height-default elementor-section-height-default\" data-id=\"ffcd984\" data-element_type=\"section\" data-e-type=\"section\">\n\t\t\t\t\t\t<div class=\"elementor-container elementor-column-gap-default\">\n\t\t\t\t\t<div class=\"elementor-column elementor-col-100 elementor-top-column elementor-element elementor-element-6472373\" data-id=\"6472373\" data-element_type=\"column\" data-e-type=\"column\">\n\t\t\t<div class=\"elementor-widget-wrap elementor-element-populated\">\n\t\t\t\t\t\t<div class=\"elementor-element elementor-element-80179d6 elementor-widget elementor-widget-heading\" data-id=\"80179d6\" data-element_type=\"widget\" data-e-type=\"widget\" data-widget_type=\"heading.default\">\n\t\t\t\t<div class=\"elementor-widget-container\">\n\t\t\t\t\t<h2 class=\"elementor-heading-title elementor-size-default\">Artigos jur\u00eddicos<\/h2>\t\t\t\t<\/div>\n\t\t\t\t<\/div>\n\t\t\t\t<div class=\"elementor-element elementor-element-dd024ac elementor-widget elementor-widget-text-editor\" data-id=\"dd024ac\" data-element_type=\"widget\" data-e-type=\"widget\" data-widget_type=\"text-editor.default\">\n\t\t\t\t<div class=\"elementor-widget-container\">\n\t\t\t\t\t\t\t\t\t<p>Fique por dentro das principais quest\u00f5es jur\u00eddicas com nossos artigos<br \/>especializados.<\/p>\t\t\t\t\t\t\t\t<\/div>\n\t\t\t\t<\/div>\n\t\t\t\t\t<\/div>\n\t\t<\/div>\n\t\t\t\t\t<\/div>\n\t\t<\/section>\n\t\t\t\t<section class=\"elementor-section elementor-top-section elementor-element elementor-element-94ed9cb elementor-section-stretched elementor-section-boxed elementor-section-height-default elementor-section-height-default\" data-id=\"94ed9cb\" data-element_type=\"section\" data-e-type=\"section\" data-settings=\"{&quot;stretch_section&quot;:&quot;section-stretched&quot;}\">\n\t\t\t\t\t\t<div class=\"elementor-container elementor-column-gap-default\">\n\t\t\t\t\t<div class=\"elementor-column elementor-col-100 elementor-top-column elementor-element elementor-element-3837a5b\" data-id=\"3837a5b\" data-element_type=\"column\" data-e-type=\"column\">\n\t\t\t<div class=\"elementor-widget-wrap elementor-element-populated\">\n\t\t\t\t\t\t<div class=\"elementor-element elementor-element-032646a elementor-testimonial--skin-bubble elementor-pagination-type-fraction elementor-hidden-desktop elementor-hidden-tablet elementor-hidden-mobile elementor-testimonial--layout-image_inline elementor-testimonial--align-center elementor-widget elementor-widget-testimonial-carousel\" data-id=\"032646a\" data-element_type=\"widget\" data-e-type=\"widget\" data-settings=\"{&quot;slides_per_view&quot;:&quot;1&quot;,&quot;slides_to_scroll&quot;:&quot;1&quot;,&quot;pagination&quot;:&quot;fraction&quot;,&quot;space_between&quot;:{&quot;unit&quot;:&quot;px&quot;,&quot;size&quot;:26,&quot;sizes&quot;:[]},&quot;speed&quot;:500,&quot;autoplay&quot;:&quot;yes&quot;,&quot;autoplay_speed&quot;:5000,&quot;loop&quot;:&quot;yes&quot;,&quot;pause_on_hover&quot;:&quot;yes&quot;,&quot;pause_on_interaction&quot;:&quot;yes&quot;,&quot;space_between_tablet&quot;:{&quot;unit&quot;:&quot;px&quot;,&quot;size&quot;:10,&quot;sizes&quot;:[]},&quot;space_between_mobile&quot;:{&quot;unit&quot;:&quot;px&quot;,&quot;size&quot;:10,&quot;sizes&quot;:[]}}\" data-widget_type=\"testimonial-carousel.default\">\n\t\t\t\t<div class=\"elementor-widget-container\">\n\t\t\t\t\t\t\t\t\t<div class=\"elementor-swiper\">\n\t\t\t\t\t<div class=\"elementor-main-swiper swiper\" role=\"region\" aria-roledescription=\"carousel\" aria-label=\"Slides\">\n\t\t\t\t<div class=\"swiper-wrapper\">\n\t\t\t\t\t\t\t\t\t\t\t<div class=\"swiper-slide\" role=\"group\" aria-roledescription=\"slide\">\n\t\t\t\t\t\t\t\t\t<div class=\"elementor-testimonial\">\n\t\t\t\t\t\t\t<div class=\"elementor-testimonial__content\">\n\t\t\t\t\t<div class=\"elementor-testimonial__text\">\n\t\t\t\t\t\tPix sem limite para FGTS Digital\nBanco Central do Brasil restabelece o recolhimento do FGTS Digital sem limita\u00e7\u00e3o de valor por transa\u00e7\u00e3o Pix\nA Secretaria de Inspe\u00e7\u00e3o do Trabalho (SIT) informa aos empregadores que, em 18 de setembro de 2025, o Banco Central do Brasil publicou a Resolu\u00e7\u00e3o BCB n\u00ba 503\/2025, afastando a aplica\u00e7\u00e3o do limite de R$ 15.000,00 por transa\u00e7\u00e3o Pix \u00e0s guias do FGTS Digital, aos empregadores que utilizam fintechs.\n\npublicado\n18\/09\/2025 21h24 Not\u00edcia\t\t\t\t\t<\/div>\n\t\t\t\t\t\t\t\t\t<\/div>\n\t\t\t\t\t\t<div class=\"elementor-testimonial__footer\">\n\t\t\t\t\t\t\t\t\t\t\t<\/div>\n\t\t<\/div>\n\t\t\t\t\t\t\t\t<\/div>\n\t\t\t\t\t\t\t\t\t\t\t<div class=\"swiper-slide\" role=\"group\" aria-roledescription=\"slide\">\n\t\t\t\t\t\t\t\t\t<div class=\"elementor-testimonial\">\n\t\t\t\t\t\t\t<div class=\"elementor-testimonial__content\">\n\t\t\t\t\t<div class=\"elementor-testimonial__text\">\n\t\t\t\t\t\tFGTS Digital - Empr\u00e9stimos Consignados\nMTE inicia a cobran\u00e7a das empresas que n\u00e3o est\u00e3o declarando ou recolhendo as presta\u00e7\u00f5es de Empr\u00e9stimo Consignado\nO Minist\u00e9rio do Trabalho e Emprego, por meio da Secretaria de Inspe\u00e7\u00e3o do Trabalho, notificou cerca de 165 mil empregadores que n\u00e3o est\u00e3o cumprindo suas obriga\u00e7\u00f5es no Programa Cr\u00e9dito do Trabalhador, conforme a Lei n\u00ba 10.820\/2003.\n\npublicado\n27\/11\/2025 20h15 Not\u00edcia\t\t\t\t\t<\/div>\n\t\t\t\t\t\t\t\t\t<\/div>\n\t\t\t\t\t\t<div class=\"elementor-testimonial__footer\">\n\t\t\t\t\t\t\t\t\t\t\t<\/div>\n\t\t<\/div>\n\t\t\t\t\t\t\t\t<\/div>\n\t\t\t\t\t\t\t\t\t\t\t<div class=\"swiper-slide\" role=\"group\" aria-roledescription=\"slide\">\n\t\t\t\t\t\t\t\t\t<div class=\"elementor-testimonial\">\n\t\t\t\t\t\t\t<div class=\"elementor-testimonial__content\">\n\t\t\t\t\t<div class=\"elementor-testimonial__text\">\n\t\t\t\t\t\tFIM DA SEFIP\n\u00d3rg\u00e3os p\u00fablicos devem utilizar o FGTS Digital para recolher o FGTS da compet\u00eancia janeiro\/2025\nPara permitir a adapta\u00e7\u00e3o e prepara\u00e7\u00e3o de alguns empregadores classificados como \u00f3rg\u00e3os p\u00fablicos, a Portaria MTE n\u00ba 240\/2024 autorizou o uso excepcional do sistema SEFIP\/Conectividade Social para recolher o FGTS, mesmo ap\u00f3s a implanta\u00e7\u00e3o do FGTS Digital, com prazo final at\u00e9 a compet\u00eancia de dezembro de 2024.\n\npublicado\n02\/01\/2025 14h22 Not\u00edcia\t\t\t\t\t<\/div>\n\t\t\t\t\t\t\t\t\t<\/div>\n\t\t\t\t\t\t<div class=\"elementor-testimonial__footer\">\n\t\t\t\t\t\t\t\t\t\t\t<\/div>\n\t\t<\/div>\n\t\t\t\t\t\t\t\t<\/div>\n\t\t\t\t\t\t\t\t\t<\/div>\n\t\t\t\t\t\t\t\t\t\t\t\t\t\t\t\t\t\t\t\t<div class=\"swiper-pagination\"><\/div>\n\t\t\t\t\t\t\t\t\t\t\t\t<\/div>\n\t\t\t\t<\/div>\n\t\t\t\t\t\t\t\t<\/div>\n\t\t\t\t<\/div>\n\t\t\t\t\t<\/div>\n\t\t<\/div>\n\t\t\t\t\t<\/div>\n\t\t<\/section>\n\t\t\t\t<\/div>\n\t\t","protected":false},"excerpt":{"rendered":"<p>Artigos jur\u00eddicos Fique por dentro das principais quest\u00f5es jur\u00eddicas com nossos artigosespecializados. Pix sem limite para FGTS Digital Banco Central do Brasil restabelece o recolhimento do FGTS Digital sem limita\u00e7\u00e3o de valor por transa\u00e7\u00e3o Pix A Secretaria de Inspe\u00e7\u00e3o do Trabalho (SIT) informa aos empregadores que, em 18 de setembro de 2025, o Banco Central [&hellip;]<\/p>\n","protected":false},"author":1,"featured_media":0,"parent":0,"menu_order":0,"comment_status":"closed","ping_status":"closed","template":"elementor_header_footer","meta":{"footnotes":""},"class_list":["post-255","page","type-page","status-publish","hentry"],"_hostinger_reach_plugin_has_subscription_block":false,"_hostinger_reach_plugin_is_elementor":false,"_links":{"self":[{"href":"https:\/\/geovanebarreto.adv.br\/index.php?rest_route=\/wp\/v2\/pages\/255","targetHints":{"allow":["GET"]}}],"collection":[{"href":"https:\/\/geovanebarreto.adv.br\/index.php?rest_route=\/wp\/v2\/pages"}],"about":[{"href":"https:\/\/geovanebarreto.adv.br\/index.php?rest_route=\/wp\/v2\/types\/page"}],"author":[{"embeddable":true,"href":"https:\/\/geovanebarreto.adv.br\/index.php?rest_route=\/wp\/v2\/users\/1"}],"replies":[{"embeddable":true,"href":"https:\/\/geovanebarreto.adv.br\/index.php?rest_route=%2Fwp%2Fv2%2Fcomments&post=255"}],"version-history":[{"count":31,"href":"https:\/\/geovanebarreto.adv.br\/index.php?rest_route=\/wp\/v2\/pages\/255\/revisions"}],"predecessor-version":[{"id":343,"href":"https:\/\/geovanebarreto.adv.br\/index.php?rest_route=\/wp\/v2\/pages\/255\/revisions\/343"}],"wp:attachment":[{"href":"https:\/\/geovanebarreto.adv.br\/index.php?rest_route=%2Fwp%2Fv2%2Fmedia&parent=255"}],"curies":[{"name":"wp","href":"https:\/\/api.w.org\/{rel}","templated":true}]}}